{"id":7766,"date":"2023-10-23T17:48:25","date_gmt":"2023-10-23T14:48:25","guid":{"rendered":"https:\/\/megaetiket.com\/?page_id=7766"},"modified":"2024-06-25T09:26:57","modified_gmt":"2024-06-25T06:26:57","slug":"kurumsal","status":"publish","type":"page","link":"https:\/\/megaetiket.com\/index.php\/kurumsal\/","title":{"rendered":"Kurumsal"},"content":{"rendered":"\t\t<div data-elementor-type=\"wp-page\" data-elementor-id=\"7766\" class=\"elementor elementor-7766\">\n\t\t\t\t\t\t\t<div class=\"elementor-element elementor-element-d0b6cc3 e-flex e-con-boxed e-con e-parent\" data-id=\"d0b6cc3\" data-element_type=\"container\" data-settings=\"{&quot;content_width&quot;:&quot;boxed&quot;}\" data-core-v316-plus=\"true\">\n\t\t\t\t\t<div class=\"e-con-inner\">\n\t\t\t\t<div class=\"elementor-element elementor-element-b420197 elementor-widget elementor-widget-spacer\" data-id=\"b420197\" data-element_type=\"widget\" data-widget_type=\"spacer.default\">\n\t\t\t\t<div class=\"elementor-widget-container\">\n\t\t\t<style>\/*! elementor - v3.17.0 - 01-11-2023 *\/\n.elementor-column .elementor-spacer-inner{height:var(--spacer-size)}.e-con{--container-widget-width:100%}.e-con-inner>.elementor-widget-spacer,.e-con>.elementor-widget-spacer{width:var(--container-widget-width,var(--spacer-size));--align-self:var(--container-widget-align-self,initial);--flex-shrink:0}.e-con-inner>.elementor-widget-spacer>.elementor-widget-container,.e-con>.elementor-widget-spacer>.elementor-widget-container{height:100%;width:100%}.e-con-inner>.elementor-widget-spacer>.elementor-widget-container>.elementor-spacer,.e-con>.elementor-widget-spacer>.elementor-widget-container>.elementor-spacer{height:100%}.e-con-inner>.elementor-widget-spacer>.elementor-widget-container>.elementor-spacer>.elementor-spacer-inner,.e-con>.elementor-widget-spacer>.elementor-widget-container>.elementor-spacer>.elementor-spacer-inner{height:var(--container-widget-height,var(--spacer-size))}.e-con-inner>.elementor-widget-spacer.elementor-widget-empty,.e-con>.elementor-widget-spacer.elementor-widget-empty{position:relative;min-height:22px;min-width:22px}.e-con-inner>.elementor-widget-spacer.elementor-widget-empty .elementor-widget-empty-icon,.e-con>.elementor-widget-spacer.elementor-widget-empty .elementor-widget-empty-icon{position:absolute;top:0;bottom:0;left:0;right:0;margin:auto;padding:0;width:22px;height:22px}<\/style>\t\t<div class=\"elementor-spacer\">\n\t\t\t<div class=\"elementor-spacer-inner\"><\/div>\n\t\t<\/div>\n\t\t\t\t<\/div>\n\t\t\t\t<\/div>\n\t\t\t\t\t<\/div>\n\t\t\t\t<\/div>\n\t\t<div class=\"elementor-element elementor-element-07f8bba e-flex e-con-boxed e-con e-parent\" data-id=\"07f8bba\" data-element_type=\"container\" data-settings=\"{&quot;content_width&quot;:&quot;boxed&quot;}\" data-core-v316-plus=\"true\">\n\t\t\t\t\t<div class=\"e-con-inner\">\n\t\t<div class=\"elementor-element elementor-element-52e0eb2 e-flex e-con-boxed e-con e-child\" data-id=\"52e0eb2\" data-element_type=\"container\" data-settings=\"{&quot;content_width&quot;:&quot;boxed&quot;}\">\n\t\t\t\t\t<div class=\"e-con-inner\">\n\t\t<div class=\"elementor-element elementor-element-824ec82 e-con-full e-flex e-con e-child\" data-id=\"824ec82\" data-element_type=\"container\" data-settings=\"{&quot;content_width&quot;:&quot;full&quot;}\">\n\t\t\t\t<div class=\"elementor-element elementor-element-e6a9946 elementor-widget elementor-widget-qi_addons_for_elementor_animated_text\" data-id=\"e6a9946\" data-element_type=\"widget\" data-widget_type=\"qi_addons_for_elementor_animated_text.default\">\n\t\t\t\t<div class=\"elementor-widget-container\">\n\t\t\t<div class=\"qodef-shortcode qodef-m  qodef-qi-animated-text  qodef--alignment-left qodef-qi--has-appear qodef--appear-from-bottom\" >\n\t\t<h2 class=\"qodef-m-title\">\n\t\tHAKKIMIZDA\t<\/h2>\n<\/div>\n\t\t<\/div>\n\t\t\t\t<\/div>\n\t\t\t\t<div class=\"elementor-element elementor-element-971241e elementor-widget elementor-widget-qi_addons_for_elementor_highlight\" data-id=\"971241e\" data-element_type=\"widget\" data-widget_type=\"qi_addons_for_elementor_highlight.default\">\n\t\t\t\t<div class=\"elementor-widget-container\">\n\t\t\t<p class=\"qodef-shortcode qodef-m  qodef-qi-highlight  qodef-highlight-style--color\" >\n\tMega Etiket olarak, 28 y\u0131ld\u0131r g\u00fcvenilirlik ilkemizi her kap\u0131n\u0131n anahtar\u0131 ve devaml\u0131l\u0131\u011f\u0131n temeli olarak g\u00f6rd\u00fck. \u015eirketimiz kuruldu\u011fu g\u00fcnden beri i\u015finde uzman kadrosuyla kaliteli ve eksiksiz hizmek sunmaktad\u0131r. M\u00fc\u015fterilerimizin sadece ihtiya\u00e7lar\u0131n\u0131 de\u011fil memnuniyetini de g\u00f6z \u00f6n\u00fcnde bulundurarak \u00e7al\u0131\u015fmalar\u0131m\u0131z\u0131 s\u00fcrd\u00fcrmekteyiz. Son teknoloji makine parkurumuzdaki \u0130svi\u00e7re'den MULLER (Dokuma), \u0130talya'dan WILLY (Kesme Katlama, Lazer), Almanya'dan HORSTKIND (Kesme Katlama), yine Almanya'dan HEIDELBERG (Matbaa, Bask\u0131), \u0130ngiltere'den FOCUS (Kuma\u015f Bask\u0131) makinelerle 24 saat kesintisiz \u00fcretim yapman\u0131n gururunu ya\u015famaktay\u0131z.<\/p>\n\t\t<\/div>\n\t\t\t\t<\/div>\n\t\t\t\t<\/div>\n\t\t<div class=\"elementor-element elementor-element-307d6ee e-con-full e-flex e-con e-child\" data-id=\"307d6ee\" data-element_type=\"container\" data-settings=\"{&quot;content_width&quot;:&quot;full&quot;}\">\n\t\t\t\t<div class=\"elementor-element elementor-element-5d61457 elementor-widget elementor-widget-gracey_core_banner\" data-id=\"5d61457\" data-element_type=\"widget\" data-widget_type=\"gracey_core_banner.default\">\n\t\t\t\t<div class=\"elementor-widget-container\">\n\t\t\t<div class=\"qodef-shortcode qodef-m  qodef-banner qodef-layout--link-overlay\">\n\t<div class=\"qodef-m-image\">\n\t<img loading=\"lazy\" decoding=\"async\" width=\"2560\" height=\"2560\" src=\"https:\/\/megaetiket.com\/wp-content\/uploads\/2024\/03\/Mega-3D-Logo-Mockup-HAKKIMIZDA-scaled.jpg\" class=\"attachment-full size-full\" alt=\"\" srcset=\"https:\/\/megaetiket.com\/wp-content\/uploads\/2024\/03\/Mega-3D-Logo-Mockup-HAKKIMIZDA-scaled.jpg 2560w, https:\/\/megaetiket.com\/wp-content\/uploads\/2024\/03\/Mega-3D-Logo-Mockup-HAKKIMIZDA-300x300.jpg 300w, https:\/\/megaetiket.com\/wp-content\/uploads\/2024\/03\/Mega-3D-Logo-Mockup-HAKKIMIZDA-1024x1024.jpg 1024w, https:\/\/megaetiket.com\/wp-content\/uploads\/2024\/03\/Mega-3D-Logo-Mockup-HAKKIMIZDA-150x150.jpg 150w, https:\/\/megaetiket.com\/wp-content\/uploads\/2024\/03\/Mega-3D-Logo-Mockup-HAKKIMIZDA-768x768.jpg 768w, https:\/\/megaetiket.com\/wp-content\/uploads\/2024\/03\/Mega-3D-Logo-Mockup-HAKKIMIZDA-1536x1536.jpg 1536w, https:\/\/megaetiket.com\/wp-content\/uploads\/2024\/03\/Mega-3D-Logo-Mockup-HAKKIMIZDA-2048x2048.jpg 2048w, https:\/\/megaetiket.com\/wp-content\/uploads\/2024\/03\/Mega-3D-Logo-Mockup-HAKKIMIZDA-650x650.jpg 650w, https:\/\/megaetiket.com\/wp-content\/uploads\/2024\/03\/Mega-3D-Logo-Mockup-HAKKIMIZDA-1300x1300.jpg 1300w, https:\/\/megaetiket.com\/wp-content\/uploads\/2024\/03\/Mega-3D-Logo-Mockup-HAKKIMIZDA-600x600.jpg 600w, https:\/\/megaetiket.com\/wp-content\/uploads\/2024\/03\/Mega-3D-Logo-Mockup-HAKKIMIZDA-100x100.jpg 100w\" sizes=\"auto, (max-width: 2560px) 100vw, 2560px\" \/><\/div>\n\t<div class=\"qodef-m-content\">\n\t\t<div class=\"qodef-m-content-inner\">\n\t\t\t\t\t\t\t\t\t\t\t<\/div>\n\t<\/div>\n\t<a itemprop=\"url\" href=\"\" class=\"qodef-m-banner-link\" target=\"_self\"><\/a>\n\n<\/div>\n\t\t<\/div>\n\t\t\t\t<\/div>\n\t\t\t\t<\/div>\n\t\t\t\t\t<\/div>\n\t\t\t\t<\/div>\n\t\t\t\t\t<\/div>\n\t\t\t\t<\/div>\n\t\t<div class=\"elementor-element elementor-element-8e9dd97 e-flex e-con-boxed e-con e-parent\" data-id=\"8e9dd97\" data-element_type=\"container\" data-settings=\"{&quot;content_width&quot;:&quot;boxed&quot;}\" data-core-v316-plus=\"true\">\n\t\t\t\t\t<div class=\"e-con-inner\">\n\t\t<div class=\"elementor-element elementor-element-1212b2d e-con-full e-flex e-con e-child\" data-id=\"1212b2d\" data-element_type=\"container\" data-settings=\"{&quot;content_width&quot;:&quot;full&quot;}\">\n\t\t\t\t<div class=\"elementor-element elementor-element-7a008eb elementor-widget__width-initial elementor-widget-tablet__width-inherit elementor-widget elementor-widget-gracey_core_info_section\" data-id=\"7a008eb\" data-element_type=\"widget\" data-widget_type=\"gracey_core_info_section.default\">\n\t\t\t\t<div class=\"elementor-widget-container\">\n\t\t\t<div class=\"qodef-shortcode qodef-m  qodef-info-section qodef-layout--background-text  qodef-alignment--left qodef-background-text-pos--top-left\">\n\t<div class=\"qodef-m-background-text\">\n\t\t\t<span class=\"qodef-m-background-text-text\">  Awards<\/span>\n\t<\/div>\n\t<div class=\"qodef-m-info\">\n\t\t\n\t\t\t<h3 class=\"qodef-m-title\" >\n\t\tM\u0130SYONUMUZ\t<\/h3>\n\t\t\t<p class=\"qodef-m-text\" style=\"font-size: 16px\">Misyonumuz, profesyonellikten \u00f6d\u00fcn vermeden ilk g\u00fcnk\u00fc \u00e7al\u0131\u015fma a\u015fk\u0131m\u0131zla do\u011faya ve \u00e7evreye sayg\u0131 duyarak \u00fclkemizin ekonomisine katk\u0131 sunmakt\u0131r<\/p>\n\t\t\t<\/div>\n<\/div>\n\t\t<\/div>\n\t\t\t\t<\/div>\n\t\t\t\t<\/div>\n\t\t<div class=\"elementor-element elementor-element-c2aa4cb e-con-full e-flex e-con e-child\" data-id=\"c2aa4cb\" data-element_type=\"container\" data-settings=\"{&quot;content_width&quot;:&quot;full&quot;}\">\n\t\t\t\t<div class=\"elementor-element elementor-element-ae10b8c elementor-widget__width-initial elementor-widget-tablet__width-inherit elementor-widget elementor-widget-gracey_core_info_section\" data-id=\"ae10b8c\" data-element_type=\"widget\" data-widget_type=\"gracey_core_info_section.default\">\n\t\t\t\t<div class=\"elementor-widget-container\">\n\t\t\t<div class=\"qodef-shortcode qodef-m  qodef-info-section qodef-layout--background-text  qodef-alignment--left qodef-background-text-pos--top-left\">\n\t<div class=\"qodef-m-background-text\">\n\t\t\t<span class=\"qodef-m-background-text-text\">  Awards<\/span>\n\t<\/div>\n\t<div class=\"qodef-m-info\">\n\t\t\n\t\t\t<h3 class=\"qodef-m-title\" >\n\t\tV\u0130ZYONUMUZ\t<\/h3>\n\t\t\t<p class=\"qodef-m-text\" style=\"font-size: 16px\">Kazand\u0131\u011f\u0131m\u0131z i\u015f tecr\u00fcbemizle uluslararas\u0131 tesktil sekt\u00f6r\u00fcne katk\u0131 sa\u011flamay\u0131, globalle\u015fen d\u00fcnya ticaretinde yerimizi al\u0131p yeni ufuklara yelken a\u00e7may\u0131 ve bu alanda stratejiler geli\u015ftirerek \u00e7\u00f6z\u00fcm ortaklar\u0131m\u0131z ile beraber y\u00fcr\u00fcmeyi Mega Etiket&#039;in en temel ilkesi olan &quot;Esas Olan G\u00fcvendir&quot; anlay\u0131\u015f\u0131yla kendimize vizyon olarak belirledik.<\/p>\n\t\t\t<\/div>\n<\/div>\n\t\t<\/div>\n\t\t\t\t<\/div>\n\t\t\t\t<\/div>\n\t\t\t\t\t<\/div>\n\t\t\t\t<\/div>\n\t\t<div class=\"elementor-element elementor-element-7894d0c e-flex e-con-boxed e-con e-parent\" data-id=\"7894d0c\" data-element_type=\"container\" data-settings=\"{&quot;content_width&quot;:&quot;boxed&quot;}\" data-core-v316-plus=\"true\">\n\t\t\t\t\t<div class=\"e-con-inner\">\n\t\t\t\t\t<\/div>\n\t\t\t\t<\/div>\n\t\t\t\t\t\t\t<\/div>\n\t\t","protected":false},"excerpt":{"rendered":"<p>HAKKIMIZDA Mega Etiket olarak, 28 y\u0131ld\u0131r g\u00fcvenilirlik ilkemizi her kap\u0131n\u0131n anahtar\u0131 ve devaml\u0131l\u0131\u011f\u0131n temeli olarak g\u00f6rd\u00fck. \u015eirketimiz kuruldu\u011fu g\u00fcnden beri i\u015finde uzman kadrosuyla kaliteli ve eksiksiz hizmek sunmaktad\u0131r. M\u00fc\u015fterilerimizin sadece ihtiya\u00e7lar\u0131n\u0131 de\u011fil memnuniyetini de g\u00f6z \u00f6n\u00fcnde bulundurarak \u00e7al\u0131\u015fmalar\u0131m\u0131z\u0131 s\u00fcrd\u00fcrmekteyiz. Son teknoloji makine parkurumuzdaki \u0130svi\u00e7re&#8217;den MULLER (Dokuma), \u0130talya&#8217;dan WILLY (Kesme Katlama, Lazer), Almanya&#8217;dan HORSTKIND (Kesme Katlama), [&hellip;]<\/p>\n","protected":false},"author":1,"featured_media":0,"parent":0,"menu_order":0,"comment_status":"closed","ping_status":"closed","template":"page-full-width.php","meta":{"footnotes":""},"class_list":["post-7766","page","type-page","status-publish","hentry"],"_links":{"self":[{"href":"https:\/\/megaetiket.com\/index.php\/wp-json\/wp\/v2\/pages\/7766","targetHints":{"allow":["GET"]}}],"collection":[{"href":"https:\/\/megaetiket.com\/index.php\/wp-json\/wp\/v2\/pages"}],"about":[{"href":"https:\/\/megaetiket.com\/index.php\/wp-json\/wp\/v2\/types\/page"}],"author":[{"embeddable":true,"href":"https:\/\/megaetiket.com\/index.php\/wp-json\/wp\/v2\/users\/1"}],"replies":[{"embeddable":true,"href":"https:\/\/megaetiket.com\/index.php\/wp-json\/wp\/v2\/comments?post=7766"}],"version-history":[{"count":73,"href":"https:\/\/megaetiket.com\/index.php\/wp-json\/wp\/v2\/pages\/7766\/revisions"}],"predecessor-version":[{"id":9252,"href":"https:\/\/megaetiket.com\/index.php\/wp-json\/wp\/v2\/pages\/7766\/revisions\/9252"}],"wp:attachment":[{"href":"https:\/\/megaetiket.com\/index.php\/wp-json\/wp\/v2\/media?parent=7766"}],"curies":[{"name":"wp","href":"https:\/\/api.w.org\/{rel}","templated":true}]}}