{"id":8090,"date":"2024-01-31T10:00:55","date_gmt":"2024-01-31T07:00:55","guid":{"rendered":"https:\/\/megaetiket.com\/?page_id=8090"},"modified":"2024-01-31T10:13:44","modified_gmt":"2024-01-31T07:13:44","slug":"kvkk","status":"publish","type":"page","link":"https:\/\/megaetiket.com\/index.php\/kvkk\/","title":{"rendered":"Kvkk"},"content":{"rendered":"\t\t<div data-elementor-type=\"wp-page\" data-elementor-id=\"8090\" class=\"elementor elementor-8090\">\n\t\t\t\t\t\t\t\t\t<section class=\"elementor-section elementor-top-section elementor-element elementor-element-275de41 elementor-section-full_width elementor-section-height-default elementor-section-height-default qodef-elementor-content-no\" data-id=\"275de41\" data-element_type=\"section\">\n\t\t\t\t\t\t<div class=\"elementor-container elementor-column-gap-default\">\n\t\t\t\t\t<div class=\"elementor-column elementor-col-100 elementor-top-column elementor-element elementor-element-f9b2c50\" data-id=\"f9b2c50\" data-element_type=\"column\">\n\t\t\t<div class=\"elementor-widget-wrap elementor-element-populated\">\n\t\t\t\t\t\t\t\t<div class=\"elementor-element elementor-element-d1e67c3 elementor-widget elementor-widget-gracey_core_google_map\" data-id=\"d1e67c3\" data-element_type=\"widget\" data-widget_type=\"gracey_core_google_map.default\">\n\t\t\t\t<div class=\"elementor-widget-container\">\n\t\t\t<div class=\"qodef-shortcode qodef-m  qodef-google-map\">\n\t<div class=\"qodef-m-map\" id=\"qodef-map-id--371\" data-addresses='[\"1399 Elaine Terrace, Union, NJ 07083, USA\"]' data-pin=https:\/\/megaetiket.com\/wp-content\/uploads\/2021\/05\/pin.png data-unique-id=371 data-height=672><\/div>\n<\/div>\n\t\t<\/div>\n\t\t\t\t<\/div>\n\t\t\t\t\t<\/div>\n\t\t<\/div>\n\t\t\t\t\t\t\t<\/div>\n\t\t<\/section>\n\t\t<div class=\"elementor-element elementor-element-b09f1f8 e-flex e-con-boxed e-con e-parent\" data-id=\"b09f1f8\" data-element_type=\"container\" data-settings=\"{&quot;content_width&quot;:&quot;boxed&quot;}\" data-core-v316-plus=\"true\">\n\t\t\t\t\t<div class=\"e-con-inner\">\n\t\t\t\t<div class=\"elementor-element elementor-element-f14f964 elementor-widget elementor-widget-spacer\" data-id=\"f14f964\" data-element_type=\"widget\" data-widget_type=\"spacer.default\">\n\t\t\t\t<div class=\"elementor-widget-container\">\n\t\t\t<style>\/*! elementor - v3.17.0 - 01-11-2023 *\/\n.elementor-column .elementor-spacer-inner{height:var(--spacer-size)}.e-con{--container-widget-width:100%}.e-con-inner>.elementor-widget-spacer,.e-con>.elementor-widget-spacer{width:var(--container-widget-width,var(--spacer-size));--align-self:var(--container-widget-align-self,initial);--flex-shrink:0}.e-con-inner>.elementor-widget-spacer>.elementor-widget-container,.e-con>.elementor-widget-spacer>.elementor-widget-container{height:100%;width:100%}.e-con-inner>.elementor-widget-spacer>.elementor-widget-container>.elementor-spacer,.e-con>.elementor-widget-spacer>.elementor-widget-container>.elementor-spacer{height:100%}.e-con-inner>.elementor-widget-spacer>.elementor-widget-container>.elementor-spacer>.elementor-spacer-inner,.e-con>.elementor-widget-spacer>.elementor-widget-container>.elementor-spacer>.elementor-spacer-inner{height:var(--container-widget-height,var(--spacer-size))}.e-con-inner>.elementor-widget-spacer.elementor-widget-empty,.e-con>.elementor-widget-spacer.elementor-widget-empty{position:relative;min-height:22px;min-width:22px}.e-con-inner>.elementor-widget-spacer.elementor-widget-empty .elementor-widget-empty-icon,.e-con>.elementor-widget-spacer.elementor-widget-empty .elementor-widget-empty-icon{position:absolute;top:0;bottom:0;left:0;right:0;margin:auto;padding:0;width:22px;height:22px}<\/style>\t\t<div class=\"elementor-spacer\">\n\t\t\t<div class=\"elementor-spacer-inner\"><\/div>\n\t\t<\/div>\n\t\t\t\t<\/div>\n\t\t\t\t<\/div>\n\t\t\t\t\t<\/div>\n\t\t\t\t<\/div>\n\t\t<div class=\"elementor-element elementor-element-5692328 e-flex e-con-boxed e-con e-parent\" data-id=\"5692328\" data-element_type=\"container\" data-settings=\"{&quot;content_width&quot;:&quot;boxed&quot;}\" data-core-v316-plus=\"true\">\n\t\t\t\t\t<div class=\"e-con-inner\">\n\t\t\t\t<div class=\"elementor-element elementor-element-9fad527 elementor-widget elementor-widget-heading\" data-id=\"9fad527\" data-element_type=\"widget\" data-widget_type=\"heading.default\">\n\t\t\t\t<div class=\"elementor-widget-container\">\n\t\t\t<style>\/*! elementor - v3.17.0 - 01-11-2023 *\/\n.elementor-heading-title{padding:0;margin:0;line-height:1}.elementor-widget-heading .elementor-heading-title[class*=elementor-size-]>a{color:inherit;font-size:inherit;line-height:inherit}.elementor-widget-heading .elementor-heading-title.elementor-size-small{font-size:15px}.elementor-widget-heading .elementor-heading-title.elementor-size-medium{font-size:19px}.elementor-widget-heading .elementor-heading-title.elementor-size-large{font-size:29px}.elementor-widget-heading .elementor-heading-title.elementor-size-xl{font-size:39px}.elementor-widget-heading .elementor-heading-title.elementor-size-xxl{font-size:59px}<\/style><h2 class=\"elementor-heading-title elementor-size-default\">Mega Etiket Ve Tekstil San. Tic. Ltd. \u015eti. Ki\u015fisel Verilerin Korunmas\u0131 Kanunu (KVKK) Metni\n<\/h2>\t\t<\/div>\n\t\t\t\t<\/div>\n\t\t\t\t\t<\/div>\n\t\t\t\t<\/div>\n\t\t<div class=\"elementor-element elementor-element-14c523a e-flex e-con-boxed e-con e-parent\" data-id=\"14c523a\" data-element_type=\"container\" data-settings=\"{&quot;content_width&quot;:&quot;boxed&quot;}\" data-core-v316-plus=\"true\">\n\t\t\t\t\t<div class=\"e-con-inner\">\n\t\t\t\t<div class=\"elementor-element elementor-element-e51563d elementor-widget elementor-widget-text-editor\" data-id=\"e51563d\" data-element_type=\"widget\" data-widget_type=\"text-editor.default\">\n\t\t\t\t<div class=\"elementor-widget-container\">\n\t\t\t<style>\/*! elementor - v3.17.0 - 01-11-2023 *\/\n.elementor-widget-text-editor.elementor-drop-cap-view-stacked .elementor-drop-cap{background-color:#69727d;color:#fff}.elementor-widget-text-editor.elementor-drop-cap-view-framed .elementor-drop-cap{color:#69727d;border:3px solid;background-color:transparent}.elementor-widget-text-editor:not(.elementor-drop-cap-view-default) .elementor-drop-cap{margin-top:8px}.elementor-widget-text-editor:not(.elementor-drop-cap-view-default) .elementor-drop-cap-letter{width:1em;height:1em}.elementor-widget-text-editor .elementor-drop-cap{float:left;text-align:center;line-height:1;font-size:50px}.elementor-widget-text-editor .elementor-drop-cap-letter{display:inline-block}<\/style>\t\t\t\t<p><span style=\"color: #000000;\">1. Veri Sorumlusu<\/span><\/p><p><span style=\"color: #000000;\">Bu metin, Mega Etiket Ve Tekstil San. Tic. Ltd. \u015eti. taraf\u0131ndan i\u015fletilen web sitesi i\u00e7in ki\u015fisel verilerin korunmas\u0131 hakk\u0131nda bilgi sa\u011flamaktad\u0131r. Mega Etiket Ve Tekstil San. Tic. Ltd. \u015eti., &#8220;veri sorumlusu&#8221; olarak tan\u0131mlanacakt\u0131r.<\/span><\/p><p>\u00a0<\/p><p><span style=\"color: #000000;\">2. Ki\u015fisel Verilerin Toplanma Amac\u0131 ve Hukuki Sebepler<\/span><\/p><p><span style=\"color: #000000;\">Web sitemiz \u00fczerinden toplanan ki\u015fisel veriler, yaln\u0131zca belirli ama\u00e7lar i\u00e7in ve hukuki sebeplere dayanarak toplan\u0131r. Ki\u015fisel verileriniz, a\u015fa\u011f\u0131daki ama\u00e7lar i\u00e7in toplanabilir:<\/span><\/p><p><span style=\"color: #000000;\">\u0130leti\u015fim formu arac\u0131l\u0131\u011f\u0131yla gelen taleplerinizi yan\u0131tlamak,<\/span><br \/><span style=\"color: #000000;\">\u00dcr\u00fcn incelemesi ve bilgi sa\u011flama,<\/span><br \/><span style=\"color: #000000;\">\u0130statistiksel analizler ve raporlamalar yapmak.<\/span><br \/><span style=\"color: #000000;\">Ki\u015fisel verilerin toplanmas\u0131n\u0131n hukuki sebepleri, kullan\u0131c\u0131 ile ileti\u015fim kurmak, s\u00f6zle\u015fme kurmak ve yasal y\u00fck\u00fcml\u00fcl\u00fckleri yerine getirmek gibi me\u015fru menfaatlere dayanmaktad\u0131r.<\/span><\/p><p>\u00a0<\/p><p><span style=\"color: #000000;\">3. Toplanan Ki\u015fisel Veriler<\/span><\/p><p><span style=\"color: #000000;\">Web sitemiz arac\u0131l\u0131\u011f\u0131yla toplanan ki\u015fisel veriler, ad\u0131n\u0131z, soyad\u0131n\u0131z, ileti\u015fim bilgileriniz (e-posta adresi, telefon numaras\u0131 gibi) gibi temel bilgileri i\u00e7erebilir.<\/span><\/p><p>\u00a0<\/p><p><span style=\"color: #000000;\">4. Ki\u015fisel Verilerin Saklama S\u00fcresi<\/span><\/p><p><span style=\"color: #000000;\">Ki\u015fisel veriler, ilgili ama\u00e7lar i\u00e7in gerekli olan s\u00fcre boyunca saklanacakt\u0131r. Veri saklama s\u00fcreleri, ilgili mevzuata ve amaca uygun olarak belirlenecektir.<\/span><\/p><p>\u00a0<\/p><p><span style=\"color: #000000;\">5. Ki\u015fisel Veri G\u00fcvenli\u011fi<\/span><\/p><p><span style=\"color: #000000;\">Mega Etiket Ve Tekstil San. Tic. Ltd. \u015eti., ki\u015fisel verilerin g\u00fcvenli\u011fini sa\u011flamak i\u00e7in uygun teknik ve organizasyonel \u00f6nlemleri al\u0131r. Ancak, internet \u00fczerinden iletilen verilerin g\u00fcvenli\u011fi konusunda tam bir g\u00fcvence sa\u011flanamayaca\u011f\u0131n\u0131 l\u00fctfen unutmay\u0131n.<\/span><\/p><p>\u00a0<\/p><p><span style=\"color: #000000;\">6. Ki\u015fisel Veri Sahibinin Haklar\u0131<\/span><\/p><p><span style=\"color: #000000;\">Ki\u015fisel veri sahipleri, ki\u015fisel verileri \u00fczerinde \u00e7e\u015fitli haklara sahiptir. Bu haklar aras\u0131nda, veriye eri\u015fme, d\u00fczeltme, silme, i\u015fleme itiraz etme ve ta\u015f\u0131nabilirlik bulunmaktad\u0131r. Bu haklar\u0131n\u0131z\u0131 kullanmak i\u00e7in l\u00fctfen bize ula\u015f\u0131n.<\/span><\/p><p>\u00a0<\/p><p><span style=\"color: #000000;\">7. \u0130leti\u015fim Bilgileri<\/span><\/p><p><span style=\"color: #000000;\">Herhangi bir soru, \u00f6neri veya \u015fikayetiniz i\u00e7in a\u015fa\u011f\u0131daki ileti\u015fim bilgilerini kullanabilirsiniz:<\/span><\/p><p><span style=\"color: #000000;\">Mega Etiket Ve Tekstil San. Tic. Ltd. \u015eti.<\/span><\/p><p><span style=\"color: #000000;\">Adres: [\u015eirket Adresi]<\/span><br \/><span style=\"color: #000000;\">E-posta: [\u015eirket E-posta Adresi]<\/span><br \/><span style=\"color: #000000;\">Telefon: [\u015eirket Telefon Numaras\u0131]<\/span><\/p><p>\u00a0<\/p><p><span style=\"color: #000000;\">8. De\u011fi\u015fiklikler<\/span><br \/><span style=\"color: #000000;\">Bu KVKK metni zaman zaman g\u00fcncellenebilir. G\u00fcncellemeler web sitemiz \u00fczerinden duyurulacak ve de\u011fi\u015fiklikler y\u00fcr\u00fcrl\u00fc\u011fe girdi\u011fi tarihte ge\u00e7erli olacakt\u0131r.<\/span><\/p><p>\u00a0<\/p><p><span style=\"color: #000000;\">9. Kabul Edilmi\u015f ve Onaylanm\u0131\u015f Olarak Kabul Edilir<\/span><\/p><p>\u00a0<\/p><p><span style=\"color: #000000;\">Bu KVKK metni, web sitemizi ziyaret eden her kullan\u0131c\u0131 taraf\u0131ndan kabul edilmi\u015f ve onaylanm\u0131\u015f olarak kabul edilecektir. Bu metni kabul etmiyorsan\u0131z, l\u00fctfen web sitemizi kullanmaktan ka\u00e7\u0131n\u0131n.<\/span><\/p><p>\u00a0<\/p><p><span style=\"color: #000000;\">10. \u0130leti\u015fim<\/span><\/p><p><span style=\"color: #000000;\">Bu KVKK metni ile ilgili herhangi bir soru veya endi\u015feniz varsa, l\u00fctfen a\u015fa\u011f\u0131daki ileti\u015fim bilgileri arac\u0131l\u0131\u011f\u0131yla bizimle ileti\u015fime ge\u00e7in:<\/span><\/p><p><span style=\"color: #000000;\">Mega Etiket Ve Tekstil San. Tic. Ltd. \u015eti.<\/span><\/p><p><span style=\"color: #000000;\">Adres: [\u015eirket Adresi]<\/span><br \/><span style=\"color: #000000;\">E-posta: [\u015eirket E-posta Adresi]<\/span><br \/><span style=\"color: #000000;\">Telefon: [\u015eirket Telefon Numaras\u0131]<\/span><\/p><p><span style=\"color: #000000;\">Bu metni inceledi\u011finiz ve kabul etti\u011finiz i\u00e7in te\u015fekk\u00fcr ederiz.<\/span><\/p><p><span style=\"color: #000000;\">Sayg\u0131lar\u0131m\u0131zla,<\/span><\/p><p><span style=\"color: #000000;\">Mega Etiket Ve Tekstil San. Tic. Ltd. \u015eti.<\/span><\/p>\t\t\t\t\t\t<\/div>\n\t\t\t\t<\/div>\n\t\t\t\t\t<\/div>\n\t\t\t\t<\/div>\n\t\t<div class=\"elementor-element elementor-element-4a3fd76 e-flex e-con-boxed e-con e-parent\" data-id=\"4a3fd76\" data-element_type=\"container\" data-settings=\"{&quot;content_width&quot;:&quot;boxed&quot;}\" data-core-v316-plus=\"true\">\n\t\t\t\t\t<div class=\"e-con-inner\">\n\t\t\t\t<div class=\"elementor-element elementor-element-0c97ca9 elementor-widget elementor-widget-spacer\" data-id=\"0c97ca9\" data-element_type=\"widget\" data-widget_type=\"spacer.default\">\n\t\t\t\t<div class=\"elementor-widget-container\">\n\t\t\t\t\t<div class=\"elementor-spacer\">\n\t\t\t<div class=\"elementor-spacer-inner\"><\/div>\n\t\t<\/div>\n\t\t\t\t<\/div>\n\t\t\t\t<\/div>\n\t\t\t\t\t<\/div>\n\t\t\t\t<\/div>\n\t\t\t\t\t\t\t<\/div>\n\t\t","protected":false},"excerpt":{"rendered":"<p>Mega Etiket Ve Tekstil San. Tic. Ltd. \u015eti. Ki\u015fisel Verilerin Korunmas\u0131 Kanunu (KVKK) Metni 1. Veri Sorumlusu Bu metin, Mega Etiket Ve Tekstil San. Tic. Ltd. \u015eti. taraf\u0131ndan i\u015fletilen web sitesi i\u00e7in ki\u015fisel verilerin korunmas\u0131 hakk\u0131nda bilgi sa\u011flamaktad\u0131r. Mega Etiket Ve Tekstil San. Tic. Ltd. \u015eti., &#8220;veri sorumlusu&#8221; olarak tan\u0131mlanacakt\u0131r. \u00a0 2. Ki\u015fisel Verilerin Toplanma [&hellip;]<\/p>\n","protected":false},"author":1,"featured_media":0,"parent":0,"menu_order":0,"comment_status":"closed","ping_status":"closed","template":"page-full-width.php","meta":{"footnotes":""},"class_list":["post-8090","page","type-page","status-publish","hentry"],"_links":{"self":[{"href":"https:\/\/megaetiket.com\/index.php\/wp-json\/wp\/v2\/pages\/8090","targetHints":{"allow":["GET"]}}],"collection":[{"href":"https:\/\/megaetiket.com\/index.php\/wp-json\/wp\/v2\/pages"}],"about":[{"href":"https:\/\/megaetiket.com\/index.php\/wp-json\/wp\/v2\/types\/page"}],"author":[{"embeddable":true,"href":"https:\/\/megaetiket.com\/index.php\/wp-json\/wp\/v2\/users\/1"}],"replies":[{"embeddable":true,"href":"https:\/\/megaetiket.com\/index.php\/wp-json\/wp\/v2\/comments?post=8090"}],"version-history":[{"count":7,"href":"https:\/\/megaetiket.com\/index.php\/wp-json\/wp\/v2\/pages\/8090\/revisions"}],"predecessor-version":[{"id":8098,"href":"https:\/\/megaetiket.com\/index.php\/wp-json\/wp\/v2\/pages\/8090\/revisions\/8098"}],"wp:attachment":[{"href":"https:\/\/megaetiket.com\/index.php\/wp-json\/wp\/v2\/media?parent=8090"}],"curies":[{"name":"wp","href":"https:\/\/api.w.org\/{rel}","templated":true}]}}