{"id":8860,"date":"2024-05-23T11:04:33","date_gmt":"2024-05-23T08:04:33","guid":{"rendered":"https:\/\/megaetiket.com\/?page_id=8860"},"modified":"2024-06-25T09:29:12","modified_gmt":"2024-06-25T06:29:12","slug":"institutionell","status":"publish","type":"page","link":"https:\/\/megaetiket.com\/index.php\/de\/institutionell\/","title":{"rendered":"INSTITUTIONELL"},"content":{"rendered":"\t\t<div data-elementor-type=\"wp-page\" data-elementor-id=\"8860\" class=\"elementor elementor-8860\">\n\t\t\t\t\t\t\t<div class=\"elementor-element elementor-element-d0b6cc3 e-flex e-con-boxed e-con e-parent\" data-id=\"d0b6cc3\" data-element_type=\"container\" data-settings=\"{&quot;content_width&quot;:&quot;boxed&quot;}\" data-core-v316-plus=\"true\">\n\t\t\t\t\t<div class=\"e-con-inner\">\n\t\t\t\t<div class=\"elementor-element elementor-element-b420197 elementor-widget elementor-widget-spacer\" data-id=\"b420197\" data-element_type=\"widget\" data-widget_type=\"spacer.default\">\n\t\t\t\t<div class=\"elementor-widget-container\">\n\t\t\t<style>\/*! elementor - v3.17.0 - 01-11-2023 *\/\n.elementor-column .elementor-spacer-inner{height:var(--spacer-size)}.e-con{--container-widget-width:100%}.e-con-inner>.elementor-widget-spacer,.e-con>.elementor-widget-spacer{width:var(--container-widget-width,var(--spacer-size));--align-self:var(--container-widget-align-self,initial);--flex-shrink:0}.e-con-inner>.elementor-widget-spacer>.elementor-widget-container,.e-con>.elementor-widget-spacer>.elementor-widget-container{height:100%;width:100%}.e-con-inner>.elementor-widget-spacer>.elementor-widget-container>.elementor-spacer,.e-con>.elementor-widget-spacer>.elementor-widget-container>.elementor-spacer{height:100%}.e-con-inner>.elementor-widget-spacer>.elementor-widget-container>.elementor-spacer>.elementor-spacer-inner,.e-con>.elementor-widget-spacer>.elementor-widget-container>.elementor-spacer>.elementor-spacer-inner{height:var(--container-widget-height,var(--spacer-size))}.e-con-inner>.elementor-widget-spacer.elementor-widget-empty,.e-con>.elementor-widget-spacer.elementor-widget-empty{position:relative;min-height:22px;min-width:22px}.e-con-inner>.elementor-widget-spacer.elementor-widget-empty .elementor-widget-empty-icon,.e-con>.elementor-widget-spacer.elementor-widget-empty .elementor-widget-empty-icon{position:absolute;top:0;bottom:0;left:0;right:0;margin:auto;padding:0;width:22px;height:22px}<\/style>\t\t<div class=\"elementor-spacer\">\n\t\t\t<div class=\"elementor-spacer-inner\"><\/div>\n\t\t<\/div>\n\t\t\t\t<\/div>\n\t\t\t\t<\/div>\n\t\t\t\t\t<\/div>\n\t\t\t\t<\/div>\n\t\t<div class=\"elementor-element elementor-element-07f8bba e-flex e-con-boxed e-con e-parent\" data-id=\"07f8bba\" data-element_type=\"container\" data-settings=\"{&quot;content_width&quot;:&quot;boxed&quot;}\" data-core-v316-plus=\"true\">\n\t\t\t\t\t<div class=\"e-con-inner\">\n\t\t<div class=\"elementor-element elementor-element-52e0eb2 e-flex e-con-boxed e-con e-child\" data-id=\"52e0eb2\" data-element_type=\"container\" data-settings=\"{&quot;content_width&quot;:&quot;boxed&quot;}\">\n\t\t\t\t\t<div class=\"e-con-inner\">\n\t\t<div class=\"elementor-element elementor-element-824ec82 e-con-full e-flex e-con e-child\" data-id=\"824ec82\" data-element_type=\"container\" data-settings=\"{&quot;content_width&quot;:&quot;full&quot;}\">\n\t\t\t\t<div class=\"elementor-element elementor-element-e6a9946 elementor-widget elementor-widget-qi_addons_for_elementor_animated_text\" data-id=\"e6a9946\" data-element_type=\"widget\" data-widget_type=\"qi_addons_for_elementor_animated_text.default\">\n\t\t\t\t<div class=\"elementor-widget-container\">\n\t\t\t<div class=\"qodef-shortcode qodef-m  qodef-qi-animated-text  qodef--alignment-left qodef-qi--has-appear qodef--appear-from-bottom\" >\n\t\t<h2 class=\"qodef-m-title\">\n\t\t\u00dcBER UNS\t<\/h2>\n<\/div>\n\t\t<\/div>\n\t\t\t\t<\/div>\n\t\t\t\t<div class=\"elementor-element elementor-element-971241e elementor-widget elementor-widget-qi_addons_for_elementor_highlight\" data-id=\"971241e\" data-element_type=\"widget\" data-widget_type=\"qi_addons_for_elementor_highlight.default\">\n\t\t\t\t<div class=\"elementor-widget-container\">\n\t\t\t<p class=\"qodef-shortcode qodef-m  qodef-qi-highlight  qodef-highlight-style--color\" >\n\tSeit 28 Jahren ist Zuverl\u00e4ssigkeit f\u00fcr Mega Etiket der Schl\u00fcssel zu allem und die Grundlage des Fortschritts. Seit dem Tag seiner Gr\u00fcndung bietet unser Unternehmen mit seinem fachkundigen Personal qualitativ hochwertige und einwandfreie Dienstleistungen an. Wir erf\u00fcllen nicht nur ihre Bed\u00fcrfnisse, sondern denken auch an die Zufriedenheit unserer Kunden. Wir sind stolz auf unsere 24\/7 kontinuierliche Produktion mit unseren High-Tech-Maschinen, MULLER (Weben) aus der Schweiz, WILLY (Schneiden-Falten, Laser) aus Italien, HORSTKIND (Schneiden-Falten) und HEIDELBERG (Drucken) aus Deutschland und FOCUS (Textildruck) aus Gro\u00dfbritannien.<\/p>\n\t\t<\/div>\n\t\t\t\t<\/div>\n\t\t\t\t<\/div>\n\t\t<div class=\"elementor-element elementor-element-307d6ee e-con-full e-flex e-con e-child\" data-id=\"307d6ee\" data-element_type=\"container\" data-settings=\"{&quot;content_width&quot;:&quot;full&quot;}\">\n\t\t\t\t<div class=\"elementor-element elementor-element-5d61457 elementor-widget elementor-widget-gracey_core_banner\" data-id=\"5d61457\" data-element_type=\"widget\" data-widget_type=\"gracey_core_banner.default\">\n\t\t\t\t<div class=\"elementor-widget-container\">\n\t\t\t<div class=\"qodef-shortcode qodef-m  qodef-banner qodef-layout--link-overlay\">\n\t<div class=\"qodef-m-image\">\n\t<img loading=\"lazy\" decoding=\"async\" width=\"2560\" height=\"2560\" src=\"https:\/\/megaetiket.com\/wp-content\/uploads\/2024\/03\/Mega-3D-Logo-Mockup-HAKKIMIZDA-scaled.jpg\" class=\"attachment-full size-full\" alt=\"\" srcset=\"https:\/\/megaetiket.com\/wp-content\/uploads\/2024\/03\/Mega-3D-Logo-Mockup-HAKKIMIZDA-scaled.jpg 2560w, https:\/\/megaetiket.com\/wp-content\/uploads\/2024\/03\/Mega-3D-Logo-Mockup-HAKKIMIZDA-300x300.jpg 300w, https:\/\/megaetiket.com\/wp-content\/uploads\/2024\/03\/Mega-3D-Logo-Mockup-HAKKIMIZDA-1024x1024.jpg 1024w, https:\/\/megaetiket.com\/wp-content\/uploads\/2024\/03\/Mega-3D-Logo-Mockup-HAKKIMIZDA-150x150.jpg 150w, https:\/\/megaetiket.com\/wp-content\/uploads\/2024\/03\/Mega-3D-Logo-Mockup-HAKKIMIZDA-768x768.jpg 768w, https:\/\/megaetiket.com\/wp-content\/uploads\/2024\/03\/Mega-3D-Logo-Mockup-HAKKIMIZDA-1536x1536.jpg 1536w, https:\/\/megaetiket.com\/wp-content\/uploads\/2024\/03\/Mega-3D-Logo-Mockup-HAKKIMIZDA-2048x2048.jpg 2048w, https:\/\/megaetiket.com\/wp-content\/uploads\/2024\/03\/Mega-3D-Logo-Mockup-HAKKIMIZDA-650x650.jpg 650w, https:\/\/megaetiket.com\/wp-content\/uploads\/2024\/03\/Mega-3D-Logo-Mockup-HAKKIMIZDA-1300x1300.jpg 1300w, https:\/\/megaetiket.com\/wp-content\/uploads\/2024\/03\/Mega-3D-Logo-Mockup-HAKKIMIZDA-600x600.jpg 600w, https:\/\/megaetiket.com\/wp-content\/uploads\/2024\/03\/Mega-3D-Logo-Mockup-HAKKIMIZDA-100x100.jpg 100w\" sizes=\"auto, (max-width: 2560px) 100vw, 2560px\" \/><\/div>\n\t<div class=\"qodef-m-content\">\n\t\t<div class=\"qodef-m-content-inner\">\n\t\t\t\t\t\t\t\t\t\t\t<\/div>\n\t<\/div>\n\t<a itemprop=\"url\" href=\"\" class=\"qodef-m-banner-link\" target=\"_self\"><\/a>\n\n<\/div>\n\t\t<\/div>\n\t\t\t\t<\/div>\n\t\t\t\t<\/div>\n\t\t\t\t\t<\/div>\n\t\t\t\t<\/div>\n\t\t\t\t\t<\/div>\n\t\t\t\t<\/div>\n\t\t<div class=\"elementor-element elementor-element-8e9dd97 e-flex e-con-boxed e-con e-parent\" data-id=\"8e9dd97\" data-element_type=\"container\" data-settings=\"{&quot;content_width&quot;:&quot;boxed&quot;}\" data-core-v316-plus=\"true\">\n\t\t\t\t\t<div class=\"e-con-inner\">\n\t\t<div class=\"elementor-element elementor-element-1212b2d e-con-full e-flex e-con e-child\" data-id=\"1212b2d\" data-element_type=\"container\" data-settings=\"{&quot;content_width&quot;:&quot;full&quot;}\">\n\t\t\t\t<div class=\"elementor-element elementor-element-7a008eb elementor-widget__width-initial elementor-widget-tablet__width-inherit elementor-widget elementor-widget-gracey_core_info_section\" data-id=\"7a008eb\" data-element_type=\"widget\" data-widget_type=\"gracey_core_info_section.default\">\n\t\t\t\t<div class=\"elementor-widget-container\">\n\t\t\t<div class=\"qodef-shortcode qodef-m  qodef-info-section qodef-layout--background-text  qodef-alignment--left qodef-background-text-pos--top-left\">\n\t<div class=\"qodef-m-background-text\">\n\t\t\t<span class=\"qodef-m-background-text-text\">  Awards<\/span>\n\t<\/div>\n\t<div class=\"qodef-m-info\">\n\t\t\n\t\t\t<h3 class=\"qodef-m-title\" >\n\t\tUNSERE AUFGABE\t<\/h3>\n\t\t\t<p class=\"qodef-m-text\" style=\"font-size: 16px\">Unsere Mission ist es, zur Wirtschaft unseres Landes beizutragen und dabei die Natur und die Umwelt zu respektieren, ohne die Professionalit\u00e4t zu vernachl\u00e4ssigen und mit dem Eifer, sich anzustrengen, als w\u00e4re es unser erster Arbeitstag.<\/p>\n\t\t\t<\/div>\n<\/div>\n\t\t<\/div>\n\t\t\t\t<\/div>\n\t\t\t\t<\/div>\n\t\t<div class=\"elementor-element elementor-element-c2aa4cb e-con-full e-flex e-con e-child\" data-id=\"c2aa4cb\" data-element_type=\"container\" data-settings=\"{&quot;content_width&quot;:&quot;full&quot;}\">\n\t\t\t\t<div class=\"elementor-element elementor-element-ae10b8c elementor-widget__width-initial elementor-widget-tablet__width-inherit elementor-widget elementor-widget-gracey_core_info_section\" data-id=\"ae10b8c\" data-element_type=\"widget\" data-widget_type=\"gracey_core_info_section.default\">\n\t\t\t\t<div class=\"elementor-widget-container\">\n\t\t\t<div class=\"qodef-shortcode qodef-m  qodef-info-section qodef-layout--background-text  qodef-alignment--left qodef-background-text-pos--top-left\">\n\t<div class=\"qodef-m-background-text\">\n\t\t\t<span class=\"qodef-m-background-text-text\">  Awards<\/span>\n\t<\/div>\n\t<div class=\"qodef-m-info\">\n\t\t\n\t\t\t<h3 class=\"qodef-m-title\" >\n\t\tUNSERE VISION\t<\/h3>\n\t\t\t<p class=\"qodef-m-text\" style=\"font-size: 16px\">Mit dem Mega Etiket-Prinzip &quot;Zuverl\u00e4ssigkeit ist alles&quot; haben wir uns der Vision verschrieben, mit unserer langj\u00e4hrigen Erfahrung einen Beitrag zur internationalen Textilindustrie zu leisten, zu neuen Horizonten aufzubrechen, indem wir unseren Platz im globalisierten Welthandel behaupten und gemeinsam mit unseren L\u00f6sungspartnern Strategien in diesem Bereich entwickeln.<\/p>\n\t\t\t<\/div>\n<\/div>\n\t\t<\/div>\n\t\t\t\t<\/div>\n\t\t\t\t<\/div>\n\t\t\t\t\t<\/div>\n\t\t\t\t<\/div>\n\t\t<div class=\"elementor-element elementor-element-7894d0c e-flex e-con-boxed e-con e-parent\" data-id=\"7894d0c\" data-element_type=\"container\" data-settings=\"{&quot;content_width&quot;:&quot;boxed&quot;}\" data-core-v316-plus=\"true\">\n\t\t\t\t\t<div class=\"e-con-inner\">\n\t\t\t\t\t<\/div>\n\t\t\t\t<\/div>\n\t\t\t\t\t\t\t<\/div>\n\t\t","protected":false},"excerpt":{"rendered":"<p>\u00dcBER UNS Seit 28 Jahren ist Zuverl\u00e4ssigkeit f\u00fcr Mega Etiket der Schl\u00fcssel zu allem und die Grundlage des Fortschritts. Seit dem Tag seiner Gr\u00fcndung bietet unser Unternehmen mit seinem fachkundigen Personal qualitativ hochwertige und einwandfreie Dienstleistungen an. Wir erf\u00fcllen nicht nur ihre Bed\u00fcrfnisse, sondern denken auch an die Zufriedenheit unserer Kunden. Wir sind stolz auf [&hellip;]<\/p>\n","protected":false},"author":1,"featured_media":0,"parent":0,"menu_order":0,"comment_status":"closed","ping_status":"closed","template":"page-full-width.php","meta":{"footnotes":""},"class_list":["post-8860","page","type-page","status-publish","hentry"],"_links":{"self":[{"href":"https:\/\/megaetiket.com\/index.php\/wp-json\/wp\/v2\/pages\/8860","targetHints":{"allow":["GET"]}}],"collection":[{"href":"https:\/\/megaetiket.com\/index.php\/wp-json\/wp\/v2\/pages"}],"about":[{"href":"https:\/\/megaetiket.com\/index.php\/wp-json\/wp\/v2\/types\/page"}],"author":[{"embeddable":true,"href":"https:\/\/megaetiket.com\/index.php\/wp-json\/wp\/v2\/users\/1"}],"replies":[{"embeddable":true,"href":"https:\/\/megaetiket.com\/index.php\/wp-json\/wp\/v2\/comments?post=8860"}],"version-history":[{"count":7,"href":"https:\/\/megaetiket.com\/index.php\/wp-json\/wp\/v2\/pages\/8860\/revisions"}],"predecessor-version":[{"id":9258,"href":"https:\/\/megaetiket.com\/index.php\/wp-json\/wp\/v2\/pages\/8860\/revisions\/9258"}],"wp:attachment":[{"href":"https:\/\/megaetiket.com\/index.php\/wp-json\/wp\/v2\/media?parent=8860"}],"curies":[{"name":"wp","href":"https:\/\/api.w.org\/{rel}","templated":true}]}}