{"id":8927,"date":"2024-05-23T21:23:50","date_gmt":"2024-05-23T18:23:50","guid":{"rendered":"https:\/\/megaetiket.com\/?page_id=8927"},"modified":"2024-06-25T09:45:41","modified_gmt":"2024-06-25T06:45:41","slug":"contact-2","status":"publish","type":"page","link":"https:\/\/megaetiket.com\/index.php\/ru\/contact-2\/","title":{"rendered":"contact"},"content":{"rendered":"\t\t<div data-elementor-type=\"wp-page\" data-elementor-id=\"8927\" class=\"elementor elementor-8927\">\n\t\t\t\t\t\t\t\t\t<section class=\"elementor-section elementor-top-section elementor-element elementor-element-f12a633 elementor-section-full_width qodef-elementor-content-grid elementor-section-height-default elementor-section-height-default\" data-id=\"f12a633\" data-element_type=\"section\">\n\t\t\t\t\t\t<div class=\"elementor-container elementor-column-gap-default\">\n\t\t\t\t\t<div class=\"elementor-column elementor-col-50 elementor-top-column elementor-element elementor-element-2f56caf\" data-id=\"2f56caf\" data-element_type=\"column\">\n\t\t\t<div class=\"elementor-widget-wrap elementor-element-populated\">\n\t\t\t\t\t\t\t\t<div class=\"elementor-element elementor-element-5d31418 elementor-widget__width-initial elementor-widget-tablet__width-inherit elementor-widget-mobile__width-inherit elementor-widget elementor-widget-gracey_core_info_section\" data-id=\"5d31418\" data-element_type=\"widget\" data-widget_type=\"gracey_core_info_section.default\">\n\t\t\t\t<div class=\"elementor-widget-container\">\n\t\t\t<div class=\"qodef-shortcode qodef-m  qodef-info-section qodef-layout--background-text  qodef-alignment--left qodef-background-text-pos--top-left\">\n\t<div class=\"qodef-m-background-text\">\n\t\t\t<\/div>\n\t<div class=\"qodef-m-info\">\n\t\t\n\t\t\t<h2 class=\"qodef-m-title\" >\n\t\t\u041d\u0410\u0428\u0410 \u041a\u041e\u041d\u0422\u0410\u041a\u0422\u041d\u0410\u042f \u0418\u041d\u0424\u041e\u0420\u041c\u0410\u0426\u0418\u042f\t<\/h2>\n\t\t\t\t\t<\/div>\n<\/div>\n\t\t<\/div>\n\t\t\t\t<\/div>\n\t\t\t\t<div class=\"elementor-element elementor-element-e0b4e24 elementor-widget__width-initial elementor-widget elementor-widget-text-editor\" data-id=\"e0b4e24\" data-element_type=\"widget\" data-widget_type=\"text-editor.default\">\n\t\t\t\t<div class=\"elementor-widget-container\">\n\t\t\t<style>\/*! elementor - v3.17.0 - 01-11-2023 *\/\n.elementor-widget-text-editor.elementor-drop-cap-view-stacked .elementor-drop-cap{background-color:#69727d;color:#fff}.elementor-widget-text-editor.elementor-drop-cap-view-framed .elementor-drop-cap{color:#69727d;border:3px solid;background-color:transparent}.elementor-widget-text-editor:not(.elementor-drop-cap-view-default) .elementor-drop-cap{margin-top:8px}.elementor-widget-text-editor:not(.elementor-drop-cap-view-default) .elementor-drop-cap-letter{width:1em;height:1em}.elementor-widget-text-editor .elementor-drop-cap{float:left;text-align:center;line-height:1;font-size:50px}.elementor-widget-text-editor .elementor-drop-cap-letter{display:inline-block}<\/style>\t\t\t\t<p>Keresteciler Sitesi Mehmet Akif Ersoy Caddesi. No:44 Merter \/ \u0130STANBUL<\/p><p>\u00a0<\/p>\t\t\t\t\t\t<\/div>\n\t\t\t\t<\/div>\n\t\t\t\t<div class=\"elementor-element elementor-element-8424201 elementor-widget__width-initial elementor-widget elementor-widget-text-editor\" data-id=\"8424201\" data-element_type=\"widget\" data-widget_type=\"text-editor.default\">\n\t\t\t\t<div class=\"elementor-widget-container\">\n\t\t\t\t\t\t\t<p><span style=\"color: #000000;\">Sena Bahad\u0131r\u00a0 \u00a0 \u00a0 \u00a0 \u00a0 \u00a0 \u00a0 \u00a0 \u00a0 \u00a0 \u00a0 \u00a0 \u00a0 \u00a0 \u00a0 \u00a0<a style=\"color: #000000;\" href=\"mailto:sena@megaetiket.com\">\u00a0sena@megaetiket.com<\/a><\/span><\/p><p><span style=\"color: #000000;\">\u0413\u0435\u043d\u0435\u0440\u0430\u043b\u044c\u043d\u044b\u0439 \u043a\u043e\u043e\u0440\u0434\u0438\u043d\u0430\u0442\u043e\u0440 \u00a0 \u00a00537 742 89 20<\/span><\/p>\t\t\t\t\t\t<\/div>\n\t\t\t\t<\/div>\n\t\t\t\t<div class=\"elementor-element elementor-element-7113689 elementor-widget__width-initial elementor-widget elementor-widget-text-editor\" data-id=\"7113689\" data-element_type=\"widget\" data-widget_type=\"text-editor.default\">\n\t\t\t\t<div class=\"elementor-widget-container\">\n\t\t\t\t\t\t\t<p><span style=\"color: #000000;\">M. Bilge Kuzu\u00a0 \u00a0 \u00a0 \u00a0 \u00a0 \u00a0 \u00a0 <a style=\"color: #000000;\" href=\"mailto:sales@megaetiket.com\">sales@megaetiket.com<\/a><\/span><\/p><p><span style=\"color: #000000;\">\u041f\u0440\u043e\u0434\u0430\u0436\u0438 \u00a0 \u00a0 \u00a0 \u00a0 \u00a0 \u00a0 \u00a0 \u00a0 \u00a0 \u00a0 0553 173 18 58<\/span><\/p>\t\t\t\t\t\t<\/div>\n\t\t\t\t<\/div>\n\t\t\t\t<div class=\"elementor-element elementor-element-8efaa6a elementor-widget__width-initial elementor-widget elementor-widget-text-editor\" data-id=\"8efaa6a\" data-element_type=\"widget\" data-widget_type=\"text-editor.default\">\n\t\t\t\t<div class=\"elementor-widget-container\">\n\t\t\t\t\t\t\t<p><span style=\"color: #000000;\">Meliha \u015eeker\u00a0 \u00a0 \u00a0 \u00a0 \u00a0 \u00a0 \u00a0 \u00a0<a style=\"color: #000000;\" href=\"mailto:info@megaetiket.com\">info@megaetiket.com<\/a><\/span><\/p><p><span style=\"color: #000000;\">\u041c\u0435\u043d\u0435\u0434\u0436\u0435\u0440 \u00a0 \u00a0 \u00a0 \u00a0 \u00a0 \u00a0 \u00a0 \u00a0 0533 404 00 11<\/span><\/p>\t\t\t\t\t\t<\/div>\n\t\t\t\t<\/div>\n\t\t\t\t<div class=\"elementor-element elementor-element-981ef76 elementor-widget__width-initial elementor-widget elementor-widget-text-editor\" data-id=\"981ef76\" data-element_type=\"widget\" data-widget_type=\"text-editor.default\">\n\t\t\t\t<div class=\"elementor-widget-container\">\n\t\t\t\t\t\t\t<p><span style=\"color: #000000;\">Hasan H\u00fcseyin Er\u00a0 \u00a0 \u00a0 <a style=\"color: #000000;\" href=\"mailto:planlama@megaetiket.com\">planlama@megaetiket.com<\/a><\/span><\/p><p><span style=\"color: #000000;\">\u041f\u043b\u0430\u043d\u0438\u0440\u043e\u0432\u0430\u043d\u0438\u0435 \u00a0 \u00a0 \u00a0 \u00a0 0552 394 03 94<\/span><\/p>\t\t\t\t\t\t<\/div>\n\t\t\t\t<\/div>\n\t\t\t\t<div class=\"elementor-element elementor-element-ecc7af7 elementor-widget__width-initial elementor-widget elementor-widget-text-editor\" data-id=\"ecc7af7\" data-element_type=\"widget\" data-widget_type=\"text-editor.default\">\n\t\t\t\t<div class=\"elementor-widget-container\">\n\t\t\t\t\t\t\t<p><span style=\"color: #000000;\">Melisa Ezgi Kavakl\u0131\u00a0 \u00a0 <a style=\"color: #000000;\" href=\"mailto:pazarlama@megaetiket.com\">pazarlama@megaetiket.com<\/a><\/span><\/p><p><span style=\"color: #000000;\">\u041c\u0430\u0440\u043a\u0435\u0442\u0438\u043d\u0433 \u00a0 \u00a0 \u00a0 \u00a0 \u00a0 \u00a0 \u00a0 \u00a0 0533 930 25 95\u00a0<\/span><\/p>\t\t\t\t\t\t<\/div>\n\t\t\t\t<\/div>\n\t\t\t\t<div class=\"elementor-element elementor-element-0405178 elementor-widget__width-initial elementor-widget elementor-widget-text-editor\" data-id=\"0405178\" data-element_type=\"widget\" data-widget_type=\"text-editor.default\">\n\t\t\t\t<div class=\"elementor-widget-container\">\n\t\t\t\t\t\t\t<p><span style=\"color: #000000;\">G\u00fclser K\u0131z\u0131l\u0131rmak\u00a0 \u00a0 \u00a0 \u00a0 muhasebe@megaetiket.com<\/span><\/p><p>\u0411\u0443\u0445\u0433\u0430\u043b\u0442\u0435\u0440\u0438\u044f<\/p>\t\t\t\t\t\t<\/div>\n\t\t\t\t<\/div>\n\t\t\t\t\t<\/div>\n\t\t<\/div>\n\t\t\t\t<div class=\"elementor-column elementor-col-50 elementor-top-column elementor-element elementor-element-f99b2da\" data-id=\"f99b2da\" data-element_type=\"column\">\n\t\t\t<div class=\"elementor-widget-wrap elementor-element-populated\">\n\t\t\t\t\t\t\t\t<div class=\"elementor-element elementor-element-2594425 elementor-widget elementor-widget-heading\" data-id=\"2594425\" data-element_type=\"widget\" data-widget_type=\"heading.default\">\n\t\t\t\t<div class=\"elementor-widget-container\">\n\t\t\t<style>\/*! elementor - v3.17.0 - 01-11-2023 *\/\n.elementor-heading-title{padding:0;margin:0;line-height:1}.elementor-widget-heading .elementor-heading-title[class*=elementor-size-]>a{color:inherit;font-size:inherit;line-height:inherit}.elementor-widget-heading .elementor-heading-title.elementor-size-small{font-size:15px}.elementor-widget-heading .elementor-heading-title.elementor-size-medium{font-size:19px}.elementor-widget-heading .elementor-heading-title.elementor-size-large{font-size:29px}.elementor-widget-heading .elementor-heading-title.elementor-size-xl{font-size:39px}.elementor-widget-heading .elementor-heading-title.elementor-size-xxl{font-size:59px}<\/style><h2 class=\"elementor-heading-title elementor-size-default\">\u0421\u0412\u042f\u0417\u0410\u0422\u042c\u0421\u042f \u0421 \u041d\u0410\u041c\u0418<\/h2>\t\t<\/div>\n\t\t\t\t<\/div>\n\t\t\t\t<div class=\"elementor-element elementor-element-a3e866c elementor-widget elementor-widget-spacer\" data-id=\"a3e866c\" data-element_type=\"widget\" data-widget_type=\"spacer.default\">\n\t\t\t\t<div class=\"elementor-widget-container\">\n\t\t\t<style>\/*! elementor - v3.17.0 - 01-11-2023 *\/\n.elementor-column .elementor-spacer-inner{height:var(--spacer-size)}.e-con{--container-widget-width:100%}.e-con-inner>.elementor-widget-spacer,.e-con>.elementor-widget-spacer{width:var(--container-widget-width,var(--spacer-size));--align-self:var(--container-widget-align-self,initial);--flex-shrink:0}.e-con-inner>.elementor-widget-spacer>.elementor-widget-container,.e-con>.elementor-widget-spacer>.elementor-widget-container{height:100%;width:100%}.e-con-inner>.elementor-widget-spacer>.elementor-widget-container>.elementor-spacer,.e-con>.elementor-widget-spacer>.elementor-widget-container>.elementor-spacer{height:100%}.e-con-inner>.elementor-widget-spacer>.elementor-widget-container>.elementor-spacer>.elementor-spacer-inner,.e-con>.elementor-widget-spacer>.elementor-widget-container>.elementor-spacer>.elementor-spacer-inner{height:var(--container-widget-height,var(--spacer-size))}.e-con-inner>.elementor-widget-spacer.elementor-widget-empty,.e-con>.elementor-widget-spacer.elementor-widget-empty{position:relative;min-height:22px;min-width:22px}.e-con-inner>.elementor-widget-spacer.elementor-widget-empty .elementor-widget-empty-icon,.e-con>.elementor-widget-spacer.elementor-widget-empty .elementor-widget-empty-icon{position:absolute;top:0;bottom:0;left:0;right:0;margin:auto;padding:0;width:22px;height:22px}<\/style>\t\t<div class=\"elementor-spacer\">\n\t\t\t<div class=\"elementor-spacer-inner\"><\/div>\n\t\t<\/div>\n\t\t\t\t<\/div>\n\t\t\t\t<\/div>\n\t\t\t\t<div class=\"elementor-element elementor-element-57cd948 elementor-widget__width-initial elementor-widget elementor-widget-wp-widget-gracey_core_contact_form_7\" data-id=\"57cd948\" data-element_type=\"widget\" data-widget_type=\"wp-widget-gracey_core_contact_form_7.default\">\n\t\t\t\t<div class=\"elementor-widget-container\">\n\t\t\t\t\t\t<div class=\"qodef-contact-form-7\">\n\t\t\t\t\n<div class=\"wpcf7 no-js\" id=\"wpcf7-f8926-o1\" lang=\"en-US\" dir=\"ltr\">\n<div class=\"screen-reader-response\"><p role=\"status\" aria-live=\"polite\" aria-atomic=\"true\"><\/p> <ul><\/ul><\/div>\n<form action=\"\/index.php\/wp-json\/wp\/v2\/pages\/8927#wpcf7-f8926-o1\" method=\"post\" class=\"wpcf7-form init\" aria-label=\"Contact form\" novalidate=\"novalidate\" data-status=\"init\">\n<div style=\"display: none;\">\n<input type=\"hidden\" name=\"_wpcf7\" value=\"8926\" \/>\n<input type=\"hidden\" name=\"_wpcf7_version\" value=\"5.8\" \/>\n<input type=\"hidden\" name=\"_wpcf7_locale\" value=\"en_US\" \/>\n<input type=\"hidden\" name=\"_wpcf7_unit_tag\" value=\"wpcf7-f8926-o1\" \/>\n<input type=\"hidden\" name=\"_wpcf7_container_post\" value=\"0\" \/>\n<input type=\"hidden\" name=\"_wpcf7_posted_data_hash\" value=\"\" \/>\n<\/div>\n<div class=\"qodef-contact-form-standard\">\n<div><span class=\"wpcf7-form-control-wrap\" data-name=\"your-fullname\"><input size=\"40\" class=\"wpcf7-form-control wpcf7-text wpcf7-validates-as-required\" aria-required=\"true\" aria-invalid=\"false\" placeholder=\"\u0438\u043c\u044f \u0424\u0430\u043c\u0438\u043b\u0438\u044f\" value=\"\" type=\"text\" name=\"your-fullname\" \/><\/span><\/div>\n<div><span class=\"wpcf7-form-control-wrap\" data-name=\"your-tel\"><input size=\"40\" class=\"wpcf7-form-control wpcf7-text wpcf7-validates-as-required\" aria-required=\"true\" aria-invalid=\"false\" placeholder=\"\u0442\u0435\u043b\u0435\u0444\u043e\u043d\" value=\"\" type=\"text\" name=\"your-tel\" \/><\/span><\/div>\n<div><span class=\"wpcf7-form-control-wrap\" data-name=\"your-email\"><input size=\"40\" class=\"wpcf7-form-control wpcf7-email wpcf7-validates-as-required wpcf7-text wpcf7-validates-as-email\" aria-required=\"true\" aria-invalid=\"false\" placeholder=\"\u044d\u043b\u0435\u043a\u0442\u0440\u043e\u043d\u043d\u0430\u044f \u043f\u043e\u0447\u0442\u0430\" value=\"\" type=\"email\" name=\"your-email\" \/><\/span><\/div>\n<div><span class=\"wpcf7-form-control-wrap\" data-name=\"your-subject\"><input size=\"40\" class=\"wpcf7-form-control wpcf7-text wpcf7-validates-as-required\" aria-required=\"true\" aria-invalid=\"false\" placeholder=\"\u041f\u0440\u0435\u0434\u043c\u0435\u0442\" value=\"\" type=\"text\" name=\"your-subject\" \/><\/span><\/div>\n<div><label>\u0412\u0430\u0448\u0435 \u0441\u043e\u043e\u0431\u0449\u0435\u043d\u0438\u0435<\/label><span class=\"wpcf7-form-control-wrap\" data-name=\"your-message\"><textarea cols=\"40\" rows=\"10\" class=\"wpcf7-form-control wpcf7-textarea\" aria-invalid=\"false\" name=\"your-message\"><\/textarea><\/span><\/div>\n<div><button class=\"wpcf7-form-control wpcf7-submit qodef-button qodef-size--normal qodef-layout--outlined qodef-m\" type=\"submit\"><span class=\"qodef-btn-icon\"><svg  xmlns=\"http:\/\/www.w3.org\/2000\/svg\" xmlns:xlink=\"http:\/\/www.w3.org\/1999\/xlink\" x=\"0px\" y=\"0px\" width=\"28\" height=\"18\" viewBox=\"0 0 28 18\"  xml:space=\"preserve\"><path d=\"M27.6,8.5c-5.5,0-9.5-8.1-9.5-8.2C17.9,0,17.7,0,17.5,0.1c-0.2,0.1-0.3,0.4-0.1,0.7c0.1,0.3,2.7,5.5,6.7,7.7H0.4C0.2,8.5,0,8.7,0,9c0,0.3,0.2,0.5,0.4,0.5h23.7c-4,2.2-6.6,7.4-6.7,7.7c-0.1,0.2,0,0.5,0.1,0.7c0.2,0.1,0.4,0.1,0.6-0.2c0-0.1,4.1-8.2,9.5-8.2C27.8,9.5,28,9.3,28,9C28,8.7,27.8,8.5,27.6,8.5z\"\/><path d=\"M27.6,8.5c-5.5,0-9.5-8.1-9.5-8.2C17.9,0,17.7,0,17.5,0.1c-0.2,0.1-0.3,0.4-0.1,0.7c0.1,0.3,2.7,5.5,6.7,7.7H0.4C0.2,8.5,0,8.7,0,9c0,0.3,0.2,0.5,0.4,0.5h23.7c-4,2.2-6.6,7.4-6.7,7.7c-0.1,0.2,0,0.5,0.1,0.7c0.2,0.1,0.4,0.1,0.6-0.2c0-0.1,4.1-8.2,9.5-8.2C27.8,9.5,28,9.3,28,9C28,8.7,27.8,8.5,27.6,8.5z\"\/><\/svg><\/span><span class=\"qodef-m-text\">\u041e\u0442\u043f\u0440\u0430\u0432\u043b\u044f\u0442\u044c<\/span><\/button><\/div>\n<\/div><div class=\"wpcf7-response-output\" aria-hidden=\"true\"><\/div>\n<\/form>\n<\/div>\n\t\t\t<\/div>\n\t\t\t\t\t<\/div>\n\t\t\t\t<\/div>\n\t\t\t\t\t<\/div>\n\t\t<\/div>\n\t\t\t\t\t\t\t<\/div>\n\t\t<\/section>\n\t\t<div class=\"elementor-element elementor-element-b8df1ef e-flex e-con-boxed e-con e-parent\" data-id=\"b8df1ef\" data-element_type=\"container\" data-settings=\"{&quot;content_width&quot;:&quot;boxed&quot;}\" data-core-v316-plus=\"true\">\n\t\t\t\t\t<div class=\"e-con-inner\">\n\t\t\t\t<div class=\"elementor-element elementor-element-8150bea elementor-widget__width-inherit elementor-widget elementor-widget-google_maps\" data-id=\"8150bea\" data-element_type=\"widget\" data-widget_type=\"google_maps.default\">\n\t\t\t\t<div class=\"elementor-widget-container\">\n\t\t\t<style>\/*! elementor - v3.17.0 - 01-11-2023 *\/\n.elementor-widget-google_maps .elementor-widget-container{overflow:hidden}.elementor-widget-google_maps .elementor-custom-embed{line-height:0}.elementor-widget-google_maps iframe{height:300px}<\/style>\t\t<div class=\"elementor-custom-embed\">\n\t\t\t<iframe loading=\"lazy\"\n\t\t\t\t\tsrc=\"https:\/\/maps.google.com\/maps?q=Mehmet%20Nesih%20%C3%96zmen%20mahallesi%20keresteciler%20sitesi%2C%20Mehmet%20Akif%20Cd.%20No%3A44%2C%2034173%20G%C3%BCng%C3%B6ren%2C%20T%C3%BCrkiye&#038;t=m&#038;z=10&#038;output=embed&#038;iwloc=near\"\n\t\t\t\t\ttitle=\"Mehmet Nesih \u00d6zmen mahallesi keresteciler sitesi, Mehmet Akif Cd. No:44, 34173 G\u00fcng\u00f6ren, T\u00fcrkiye\"\n\t\t\t\t\taria-label=\"Mehmet Nesih \u00d6zmen mahallesi keresteciler sitesi, Mehmet Akif Cd. No:44, 34173 G\u00fcng\u00f6ren, T\u00fcrkiye\"\n\t\t\t><\/iframe>\n\t\t<\/div>\n\t\t\t\t<\/div>\n\t\t\t\t<\/div>\n\t\t\t\t\t<\/div>\n\t\t\t\t<\/div>\n\t\t\t\t\t\t\t<\/div>\n\t\t","protected":false},"excerpt":{"rendered":"<p>\u041d\u0410\u0428\u0410 \u041a\u041e\u041d\u0422\u0410\u041a\u0422\u041d\u0410\u042f \u0418\u041d\u0424\u041e\u0420\u041c\u0410\u0426\u0418\u042f Keresteciler Sitesi Mehmet Akif Ersoy Caddesi. No:44 Merter \/ \u0130STANBUL \u00a0 Sena Bahad\u0131r\u00a0 \u00a0 \u00a0 \u00a0 \u00a0 \u00a0 \u00a0 \u00a0 \u00a0 \u00a0 \u00a0 \u00a0 \u00a0 \u00a0 \u00a0 \u00a0\u00a0sena@megaetiket.com \u0413\u0435\u043d\u0435\u0440\u0430\u043b\u044c\u043d\u044b\u0439 \u043a\u043e\u043e\u0440\u0434\u0438\u043d\u0430\u0442\u043e\u0440 \u00a0 \u00a00537 742 89 20 M. Bilge Kuzu\u00a0 \u00a0 \u00a0 \u00a0 \u00a0 \u00a0 \u00a0 sales@megaetiket.com \u041f\u0440\u043e\u0434\u0430\u0436\u0438 \u00a0 \u00a0 \u00a0 \u00a0 \u00a0 \u00a0 [&hellip;]<\/p>\n","protected":false},"author":1,"featured_media":0,"parent":0,"menu_order":0,"comment_status":"closed","ping_status":"closed","template":"page-full-width.php","meta":{"footnotes":""},"class_list":["post-8927","page","type-page","status-publish","hentry"],"_links":{"self":[{"href":"https:\/\/megaetiket.com\/index.php\/wp-json\/wp\/v2\/pages\/8927","targetHints":{"allow":["GET"]}}],"collection":[{"href":"https:\/\/megaetiket.com\/index.php\/wp-json\/wp\/v2\/pages"}],"about":[{"href":"https:\/\/megaetiket.com\/index.php\/wp-json\/wp\/v2\/types\/page"}],"author":[{"embeddable":true,"href":"https:\/\/megaetiket.com\/index.php\/wp-json\/wp\/v2\/users\/1"}],"replies":[{"embeddable":true,"href":"https:\/\/megaetiket.com\/index.php\/wp-json\/wp\/v2\/comments?post=8927"}],"version-history":[{"count":8,"href":"https:\/\/megaetiket.com\/index.php\/wp-json\/wp\/v2\/pages\/8927\/revisions"}],"predecessor-version":[{"id":9294,"href":"https:\/\/megaetiket.com\/index.php\/wp-json\/wp\/v2\/pages\/8927\/revisions\/9294"}],"wp:attachment":[{"href":"https:\/\/megaetiket.com\/index.php\/wp-json\/wp\/v2\/media?parent=8927"}],"curies":[{"name":"wp","href":"https:\/\/api.w.org\/{rel}","templated":true}]}}